{"id":1597,"date":"2025-10-24T01:28:08","date_gmt":"2025-10-24T01:28:08","guid":{"rendered":"http:\/\/localhost:8080\/?page_id=1597"},"modified":"2026-04-13T14:28:33","modified_gmt":"2026-04-13T14:28:33","slug":"","status":"publish","type":"page","link":"https:\/\/quijotefilms.com\/eng\/cash-rebate\/","title":{"rendered":"","raw":""},"content":{"rendered":"\n<p class=\"h4\">\nThe Chilean cash rebate is a new government incentive that reimburses between 30% and 40% of expenses for international productions carried out in Chile.<br>\nIt applies to feature films and series with a minimum investment of 400,000 dollars, allowing producers to recover between 120,000 and 3 million dollars.<br>\nPayments are processed in approximately 60 days after the project&#8217;s financial report is submitted.<br>\nAt Quijote Films, we have successfully managed this mechanism and assist foreign production companies throughout the entire process\u2014from application to execution and final reporting.\n<\/p>\n\n\n\n<div class=\"text-center m-b-3\">\n  <a href=\"\/wp-content\/uploads\/2025\/10\/corfo-v5-eng.pdf\" class=\"read-more h3\" target=\"blank\">\n    Download the presentation linked in this text with all the details about the incentive\n  <\/a>\n<\/div>\n\n\n<div class=\"wp-block-image\">\n<figure class=\"aligncenter size-large\"><img loading=\"lazy\" decoding=\"async\" width=\"600\" height=\"400\" src=\"https:\/\/quijote.drawingthecode.com\/wp-content\/uploads\/2026\/02\/cash_rebate_image-600x400.jpg\" alt=\"\" class=\"wp-image-1700\" srcset=\"https:\/\/quijotefilms.com\/wp-content\/uploads\/2026\/02\/cash_rebate_image-600x400.jpg 600w, https:\/\/quijotefilms.com\/wp-content\/uploads\/2026\/02\/cash_rebate_image-424x283.jpg 424w, https:\/\/quijotefilms.com\/wp-content\/uploads\/2026\/02\/cash_rebate_image-768x512.jpg 768w, https:\/\/quijotefilms.com\/wp-content\/uploads\/2026\/02\/cash_rebate_image-1536x1024.jpg 1536w, https:\/\/quijotefilms.com\/wp-content\/uploads\/2026\/02\/cash_rebate_image-2048x1366.jpg 2048w\" sizes=\"auto, (max-width: 600px) 100vw, 600px\" \/><\/figure>\n<\/div>","protected":false,"raw":"<!-- wp:html -->\n<p class=\"h4\">\nThe Chilean cash rebate is a new government incentive that reimburses between 30% and 40% of expenses for international productions carried out in Chile.<br>\nIt applies to feature films and series with a minimum investment of 400,000 dollars, allowing producers to recover between 120,000 and 3 million dollars.<br>\nPayments are processed in approximately 60 days after the project's financial report is submitted.<br>\nAt Quijote Films, we have successfully managed this mechanism and assist foreign production companies throughout the entire process\u2014from application to execution and final reporting.\n<\/p>\n<!-- \/wp:html -->\n\n<!-- wp:html -->\n<div class=\"text-center m-b-3\">\n  <a href=\"\/wp-content\/uploads\/2025\/10\/corfo-v5-eng.pdf\" class=\"read-more h3\" target=\"blank\">\n    Download the presentation linked in this text with all the details about the incentive\n  <\/a>\n<\/div>\n<!-- \/wp:html -->\n\n<!-- wp:image {\"id\":1700,\"sizeSlug\":\"large\",\"linkDestination\":\"none\",\"align\":\"center\"} -->\n<figure class=\"wp-block-image aligncenter size-large\"><img src=\"https:\/\/quijote.drawingthecode.com\/wp-content\/uploads\/2026\/02\/cash_rebate_image-600x400.jpg\" alt=\"\" class=\"wp-image-1700\"\/><\/figure>\n<!-- \/wp:image -->"},"excerpt":{"rendered":"","protected":false,"raw":""},"author":1,"featured_media":0,"parent":0,"menu_order":0,"comment_status":"closed","ping_status":"closed","template":"","meta":{"_acf_changed":false,"_esp_post_content":"<!-- wp:html -->\n<p class=\"h4\">El cash rebate chileno es un nuevo incentivo estatal que reembolsa entre el 30% y el 40% de los gastos en producciones internacionales realizadas en Chile.<br>Aplica a largometrajes y series con una inversi\u00f3n m\u00ednima de 400 mil d\u00f3lares, permitiendo recuperar entre 120 mil y 3 millones de d\u00f3lares.<br>Los pagos se procesan en aproximadamente 60 d\u00edas tras la rendici\u00f3n financiera del proyecto.<br>En Quijote Films hemos gestionado este mecanismo con \u00e9xito y acompa\u00f1amos a productoras extranjeras en todo el proceso, desde la postulaci\u00f3n hasta la ejecuci\u00f3n y rendici\u00f3n final.<\/p>\n<!-- \/wp:html -->\n\n<!-- wp:html -->\n<div class=\"text-center m-b-3\">\n<a href=\"\/wp-content\/uploads\/2025\/10\/corfo-v5-esp.pdf\" class=\"read-more h3\" target=\"blank\">Descarga la presentaci\u00f3n linkeada en este texto que contiene todos los detalles del incentivo<\/a>\n<\/div>\n<!-- \/wp:html -->\n\n<!-- wp:image {\"id\":2011,\"sizeSlug\":\"full\",\"linkDestination\":\"none\",\"align\":\"center\"} -->\n<figure class=\"wp-block-image aligncenter size-full\"><img src=\"https:\/\/quijotefilms.com\/wp-content\/uploads\/2026\/04\/Colmeia-BTS.jpg\" alt=\"\" class=\"wp-image-2011\"\/><\/figure>\n<!-- \/wp:image -->","_esp_post_name":"cash-rebate","_esp_post_excerpt":"","_esp_post_title":"Cash Rebate","_eng_post_content":"<!-- wp:html -->\n<p class=\"h4\">\nThe Chilean cash rebate is a new government incentive that reimburses between 30% and 40% of expenses for international productions carried out in Chile.<br>\nIt applies to feature films and series with a minimum investment of 400,000 dollars, allowing producers to recover between 120,000 and 3 million dollars.<br>\nPayments are processed in approximately 60 days after the project's financial report is submitted.<br>\nAt Quijote Films, we have successfully managed this mechanism and assist foreign production companies throughout the entire process\u2014from application to execution and final reporting.\n<\/p>\n<!-- \/wp:html -->\n\n<!-- wp:html -->\n<div class=\"text-center m-b-3\">\n  <a href=\"\/wp-content\/uploads\/2025\/10\/corfo-v5-eng.pdf\" class=\"read-more h3\" target=\"blank\">\n    Download the presentation linked in this text with all the details about the incentive\n  <\/a>\n<\/div>\n<!-- \/wp:html -->\n\n<!-- wp:image {\"id\":1700,\"sizeSlug\":\"large\",\"linkDestination\":\"none\",\"align\":\"center\"} -->\n<figure class=\"wp-block-image aligncenter size-large\"><img src=\"https:\/\/quijote.drawingthecode.com\/wp-content\/uploads\/2026\/02\/cash_rebate_image-600x400.jpg\" alt=\"\" class=\"wp-image-1700\"\/><\/figure>\n<!-- \/wp:image -->","_eng_post_name":"","_eng_post_excerpt":"","_eng_post_title":"","edit_language":"eng","footnotes":""},"class_list":["post-1597","page","type-page","status-publish","hentry"],"acf":[],"yoast_head":"<!-- This site is optimized with the Yoast SEO plugin v27.3 - https:\/\/yoast.com\/product\/yoast-seo-wordpress\/ -->\n<title>Cash Rebate - Quijote Films<\/title>\n<meta name=\"robots\" content=\"index, follow, max-snippet:-1, max-image-preview:large, max-video-preview:-1\" \/>\n<link rel=\"canonical\" href=\"https:\/\/quijotefilms.com\/cash-rebate\/\" \/>\n<meta property=\"og:locale\" content=\"en_US\" \/>\n<meta property=\"og:type\" content=\"article\" \/>\n<meta property=\"og:title\" content=\"Cash Rebate - Quijote Films\" \/>\n<meta property=\"og:description\" content=\"El cash rebate chileno es un nuevo incentivo estatal que reembolsa entre el 30% y el 40% de los gastos en producciones internacionales realizadas en Chile.Aplica a largometrajes y series con una inversi\u00f3n m\u00ednima de 400 mil d\u00f3lares, permitiendo recuperar entre 120 mil y 3 millones de d\u00f3lares.Los pagos se procesan en aproximadamente 60 d\u00edas [&hellip;]\" \/>\n<meta property=\"og:url\" content=\"https:\/\/quijotefilms.com\/cash-rebate\/\" \/>\n<meta property=\"og:site_name\" content=\"Quijote Films\" \/>\n<meta property=\"article:modified_time\" content=\"2026-04-13T14:28:33+00:00\" \/>\n<meta property=\"og:image\" content=\"https:\/\/quijotefilms.com\/wp-content\/uploads\/2026\/04\/Colmeia-BTS.jpg\" \/>\n\t<meta property=\"og:image:width\" content=\"1351\" \/>\n\t<meta property=\"og:image:height\" content=\"1080\" \/>\n\t<meta property=\"og:image:type\" content=\"image\/jpeg\" \/>\n<meta name=\"twitter:card\" content=\"summary_large_image\" \/>\n<meta name=\"twitter:label1\" content=\"Est. reading time\" \/>\n\t<meta name=\"twitter:data1\" content=\"1 minute\" \/>\n<script type=\"application\/ld+json\" class=\"yoast-schema-graph\">{\"@context\":\"https:\\\/\\\/schema.org\",\"@graph\":[{\"@type\":\"WebPage\",\"@id\":\"https:\\\/\\\/quijotefilms.com\\\/cash-rebate\\\/\",\"url\":\"https:\\\/\\\/quijotefilms.com\\\/cash-rebate\\\/\",\"name\":\"Cash Rebate - Quijote Films\",\"isPartOf\":{\"@id\":\"https:\\\/\\\/quijotefilms.com\\\/eng\\\/#website\"},\"primaryImageOfPage\":{\"@id\":\"https:\\\/\\\/quijotefilms.com\\\/cash-rebate\\\/#primaryimage\"},\"image\":{\"@id\":\"https:\\\/\\\/quijotefilms.com\\\/cash-rebate\\\/#primaryimage\"},\"thumbnailUrl\":\"https:\\\/\\\/quijotefilms.com\\\/wp-content\\\/uploads\\\/2026\\\/04\\\/Colmeia-BTS.jpg\",\"datePublished\":\"2025-10-24T01:28:08+00:00\",\"dateModified\":\"2026-04-13T14:28:33+00:00\",\"breadcrumb\":{\"@id\":\"https:\\\/\\\/quijotefilms.com\\\/cash-rebate\\\/#breadcrumb\"},\"inLanguage\":\"en-US\",\"potentialAction\":[{\"@type\":\"ReadAction\",\"target\":[\"https:\\\/\\\/quijotefilms.com\\\/cash-rebate\\\/\"]}]},{\"@type\":\"ImageObject\",\"inLanguage\":\"en-US\",\"@id\":\"https:\\\/\\\/quijotefilms.com\\\/cash-rebate\\\/#primaryimage\",\"url\":\"https:\\\/\\\/quijotefilms.com\\\/wp-content\\\/uploads\\\/2026\\\/04\\\/Colmeia-BTS.jpg\",\"contentUrl\":\"https:\\\/\\\/quijotefilms.com\\\/wp-content\\\/uploads\\\/2026\\\/04\\\/Colmeia-BTS.jpg\"},{\"@type\":\"BreadcrumbList\",\"@id\":\"https:\\\/\\\/quijotefilms.com\\\/cash-rebate\\\/#breadcrumb\",\"itemListElement\":[{\"@type\":\"ListItem\",\"position\":1,\"name\":\"Home\",\"item\":\"https:\\\/\\\/quijotefilms.com\\\/eng\\\/\"},{\"@type\":\"ListItem\",\"position\":2,\"name\":\"Cash Rebate\"}]},{\"@type\":\"WebSite\",\"@id\":\"https:\\\/\\\/quijotefilms.com\\\/eng\\\/#website\",\"url\":\"https:\\\/\\\/quijotefilms.com\\\/eng\\\/\",\"name\":\"Quijote Films\",\"description\":\"Quijote Films nace en el 2009 como una productora de Cine y Publicidad. En sus m\u00e1s de 15 a\u00f1os de historia ha sido ganadora de premios en importantes Festivales como Cannes y Venecia, gracias a m\u00faltiples coproducciones internacionales, adem\u00e1s de encargarse de producciones publicitarias para las principales marcas del pa\u00eds.\",\"potentialAction\":[{\"@type\":\"SearchAction\",\"target\":{\"@type\":\"EntryPoint\",\"urlTemplate\":\"https:\\\/\\\/quijotefilms.com\\\/eng\\\/?s={search_term_string}\"},\"query-input\":{\"@type\":\"PropertyValueSpecification\",\"valueRequired\":true,\"valueName\":\"search_term_string\"}}],\"inLanguage\":\"en-US\"}]}<\/script>\n<!-- \/ Yoast SEO plugin. -->","yoast_head_json":{"title":"Cash Rebate - Quijote Films","robots":{"index":"index","follow":"follow","max-snippet":"max-snippet:-1","max-image-preview":"max-image-preview:large","max-video-preview":"max-video-preview:-1"},"canonical":"https:\/\/quijotefilms.com\/cash-rebate\/","og_locale":"en_US","og_type":"article","og_title":"Cash Rebate - Quijote Films","og_description":"El cash rebate chileno es un nuevo incentivo estatal que reembolsa entre el 30% y el 40% de los gastos en producciones internacionales realizadas en Chile.Aplica a largometrajes y series con una inversi\u00f3n m\u00ednima de 400 mil d\u00f3lares, permitiendo recuperar entre 120 mil y 3 millones de d\u00f3lares.Los pagos se procesan en aproximadamente 60 d\u00edas [&hellip;]","og_url":"https:\/\/quijotefilms.com\/cash-rebate\/","og_site_name":"Quijote Films","article_modified_time":"2026-04-13T14:28:33+00:00","og_image":[{"width":1351,"height":1080,"url":"https:\/\/quijotefilms.com\/wp-content\/uploads\/2026\/04\/Colmeia-BTS.jpg","type":"image\/jpeg"}],"twitter_card":"summary_large_image","twitter_misc":{"Est. reading time":"1 minute"},"schema":{"@context":"https:\/\/schema.org","@graph":[{"@type":"WebPage","@id":"https:\/\/quijotefilms.com\/cash-rebate\/","url":"https:\/\/quijotefilms.com\/cash-rebate\/","name":"Cash Rebate - Quijote Films","isPartOf":{"@id":"https:\/\/quijotefilms.com\/eng\/#website"},"primaryImageOfPage":{"@id":"https:\/\/quijotefilms.com\/cash-rebate\/#primaryimage"},"image":{"@id":"https:\/\/quijotefilms.com\/cash-rebate\/#primaryimage"},"thumbnailUrl":"https:\/\/quijotefilms.com\/wp-content\/uploads\/2026\/04\/Colmeia-BTS.jpg","datePublished":"2025-10-24T01:28:08+00:00","dateModified":"2026-04-13T14:28:33+00:00","breadcrumb":{"@id":"https:\/\/quijotefilms.com\/cash-rebate\/#breadcrumb"},"inLanguage":"en-US","potentialAction":[{"@type":"ReadAction","target":["https:\/\/quijotefilms.com\/cash-rebate\/"]}]},{"@type":"ImageObject","inLanguage":"en-US","@id":"https:\/\/quijotefilms.com\/cash-rebate\/#primaryimage","url":"https:\/\/quijotefilms.com\/wp-content\/uploads\/2026\/04\/Colmeia-BTS.jpg","contentUrl":"https:\/\/quijotefilms.com\/wp-content\/uploads\/2026\/04\/Colmeia-BTS.jpg"},{"@type":"BreadcrumbList","@id":"https:\/\/quijotefilms.com\/cash-rebate\/#breadcrumb","itemListElement":[{"@type":"ListItem","position":1,"name":"Home","item":"https:\/\/quijotefilms.com\/eng\/"},{"@type":"ListItem","position":2,"name":"Cash Rebate"}]},{"@type":"WebSite","@id":"https:\/\/quijotefilms.com\/eng\/#website","url":"https:\/\/quijotefilms.com\/eng\/","name":"Quijote Films","description":"Quijote Films nace en el 2009 como una productora de Cine y Publicidad. En sus m\u00e1s de 15 a\u00f1os de historia ha sido ganadora de premios en importantes Festivales como Cannes y Venecia, gracias a m\u00faltiples coproducciones internacionales, adem\u00e1s de encargarse de producciones publicitarias para las principales marcas del pa\u00eds.","potentialAction":[{"@type":"SearchAction","target":{"@type":"EntryPoint","urlTemplate":"https:\/\/quijotefilms.com\/eng\/?s={search_term_string}"},"query-input":{"@type":"PropertyValueSpecification","valueRequired":true,"valueName":"search_term_string"}}],"inLanguage":"en-US"}]}},"_links":{"self":[{"href":"https:\/\/quijotefilms.com\/eng\/wp-json\/wp\/v2\/pages\/1597","targetHints":{"allow":["GET"]}}],"collection":[{"href":"https:\/\/quijotefilms.com\/eng\/wp-json\/wp\/v2\/pages"}],"about":[{"href":"https:\/\/quijotefilms.com\/eng\/wp-json\/wp\/v2\/types\/page"}],"author":[{"embeddable":true,"href":"https:\/\/quijotefilms.com\/eng\/wp-json\/wp\/v2\/users\/1"}],"replies":[{"embeddable":true,"href":"https:\/\/quijotefilms.com\/eng\/wp-json\/wp\/v2\/comments?post=1597"}],"version-history":[{"count":10,"href":"https:\/\/quijotefilms.com\/eng\/wp-json\/wp\/v2\/pages\/1597\/revisions"}],"predecessor-version":[{"id":2024,"href":"https:\/\/quijotefilms.com\/eng\/wp-json\/wp\/v2\/pages\/1597\/revisions\/2024"}],"wp:attachment":[{"href":"https:\/\/quijotefilms.com\/eng\/wp-json\/wp\/v2\/media?parent=1597"}],"curies":[{"name":"wp","href":"https:\/\/api.w.org\/{rel}","templated":true}]}}