{"id":1607,"date":"2025-10-24T02:19:27","date_gmt":"2025-10-24T02:19:27","guid":{"rendered":"http:\/\/localhost:8080\/?page_id=1607"},"modified":"2026-02-11T03:35:42","modified_gmt":"2026-02-11T03:35:42","slug":"","status":"publish","type":"page","link":"https:\/\/quijotefilms.com\/eng\/quienes-somos\/","title":{"rendered":"About Us","raw":"About Us"},"content":{"rendered":"\n<p class=\"h4\">\n\u2192 We are a Chilean production company dedicated to the creation and co-production of films with international projection. With a remarkable track record, we have participated in major festivals and global markets, promoting Chilean cinema and collaborating with talent from around the world.\n<\/p>\n\n\n\n<div class=\"video-container m-t-3 m-b-3\">\n        <iframe src=\"https:\/\/player.vimeo.com\/video\/1131713396?h=e2e0f11ece&amp;badge=0&amp;autopause=0&amp;player_id=0&amp;app_id=58479\" frameborder=\"0\" allow=\"autoplay; fullscreen; picture-in-picture; clipboard-write; encrypted-media; web-share\" referrerpolicy=\"strict-origin-when-cross-origin\" style=\"position:absolute;top:0;left:0;width:100%;height:100%;\" title=\"The Mysterious Gaze of the Flamingo | International\u00a0Trailer\"><\/iframe><script src=\"https:\/\/player.vimeo.com\/api\/player.js\"><\/script>\n    <\/div>\n","protected":false,"raw":"<!-- wp:html -->\n<p class=\"h4\">\n\u2192 We are a Chilean production company dedicated to the creation and co-production of films with international projection. With a remarkable track record, we have participated in major festivals and global markets, promoting Chilean cinema and collaborating with talent from around the world.\n<\/p>\n<!-- \/wp:html -->\n\n<!-- wp:html -->\n<div class=\"video-container m-t-3 m-b-3\">\n        <iframe src=\"https:\/\/player.vimeo.com\/video\/1131713396?h=e2e0f11ece&amp;badge=0&amp;autopause=0&amp;player_id=0&amp;app_id=58479\" frameborder=\"0\" allow=\"autoplay; fullscreen; picture-in-picture; clipboard-write; encrypted-media; web-share\" referrerpolicy=\"strict-origin-when-cross-origin\" style=\"position:absolute;top:0;left:0;width:100%;height:100%;\" title=\"The Mysterious Gaze of the Flamingo | International\u00a0Trailer\"><\/iframe><script src=\"https:\/\/player.vimeo.com\/api\/player.js\"><\/script>\n    <\/div>\n<!-- \/wp:html -->"},"excerpt":{"rendered":"","protected":false,"raw":""},"author":1,"featured_media":0,"parent":0,"menu_order":0,"comment_status":"closed","ping_status":"closed","template":"page-no_title.php","meta":{"_acf_changed":false,"_esp_post_content":"<!-- wp:html -->\n<p class=\"h4\">\n\u2192 Somos una productora chilena dedicada a la creaci\u00f3n y coproducci\u00f3n de pel\u00edculas con proyecci\u00f3n internacional. Con una trayectoria destacada, hemos participado en importantes festivales y mercados globales, impulsando el cine chileno y colaborando con talento de todo el mundo.\n<\/p>\n<!-- \/wp:html -->\n\n<!-- wp:html -->\n<div class=\"video-container m-t-3 m-b-3\">\n        <iframe src=\"https:\/\/player.vimeo.com\/video\/1131713396?h=e2e0f11ece&amp;badge=0&amp;autopause=0&amp;player_id=0&amp;app_id=58479\" frameborder=\"0\" allow=\"autoplay; fullscreen; picture-in-picture; clipboard-write; encrypted-media; web-share\" referrerpolicy=\"strict-origin-when-cross-origin\" style=\"position:absolute;top:0;left:0;width:100%;height:100%;\" title=\"The Mysterious Gaze of the Flamingo | International\u00a0Trailer\"><\/iframe><\/div><script src=\"https:\/\/player.vimeo.com\/api\/player.js\"><\/script>\n<!-- \/wp:html -->\n\n<!-- wp:html -->\n<a href=\"\/eng\/contact\" class=\"h3\">Let\u2019s talk!<\/a>\n<!-- \/wp:html -->","_esp_post_name":"quienes-somos","_esp_post_excerpt":"","_esp_post_title":"Quienes Somos","_eng_post_content":"<!-- wp:html -->\n<p class=\"h4\">\n\u2192 We are a Chilean production company dedicated to the creation and co-production of films with international projection. With a remarkable track record, we have participated in major festivals and global markets, promoting Chilean cinema and collaborating with talent from around the world.\n<\/p>\n<!-- \/wp:html -->\n\n<!-- wp:html -->\n<div class=\"video-container m-t-3 m-b-3\">\n        <iframe src=\"https:\/\/player.vimeo.com\/video\/1131713396?h=e2e0f11ece&amp;badge=0&amp;autopause=0&amp;player_id=0&amp;app_id=58479\" frameborder=\"0\" allow=\"autoplay; fullscreen; picture-in-picture; clipboard-write; encrypted-media; web-share\" referrerpolicy=\"strict-origin-when-cross-origin\" style=\"position:absolute;top:0;left:0;width:100%;height:100%;\" title=\"The Mysterious Gaze of the Flamingo | International\u00a0Trailer\"><\/iframe><script src=\"https:\/\/player.vimeo.com\/api\/player.js\"><\/script>\n    <\/div>\n<!-- \/wp:html -->","_eng_post_name":"","_eng_post_excerpt":"","_eng_post_title":"About Us","edit_language":"eng","footnotes":""},"class_list":["post-1607","page","type-page","status-publish","hentry"],"acf":[],"yoast_head":"<!-- This site is optimized with the Yoast SEO plugin v27.3 - https:\/\/yoast.com\/product\/yoast-seo-wordpress\/ -->\n<title>Quienes Somos - Quijote Films<\/title>\n<meta name=\"robots\" content=\"index, follow, max-snippet:-1, max-image-preview:large, max-video-preview:-1\" \/>\n<link rel=\"canonical\" href=\"https:\/\/quijote.drawingthecode.com\/quienes-somos\/\" \/>\n<meta property=\"og:locale\" content=\"en_US\" \/>\n<meta property=\"og:type\" content=\"article\" \/>\n<meta property=\"og:title\" content=\"Quienes Somos - Quijote Films\" \/>\n<meta property=\"og:description\" content=\"\u2192 Somos una productora chilena dedicada a la creaci\u00f3n y coproducci\u00f3n de pel\u00edculas con proyecci\u00f3n internacional. Con una trayectoria destacada, hemos participado en importantes festivales y mercados globales, impulsando el cine chileno y colaborando con talento de todo el mundo. Let\u2019s talk!\" \/>\n<meta property=\"og:url\" content=\"https:\/\/quijote.drawingthecode.com\/quienes-somos\/\" \/>\n<meta property=\"og:site_name\" content=\"Quijote Films\" \/>\n<meta property=\"article:modified_time\" content=\"2026-02-11T03:35:42+00:00\" \/>\n<meta name=\"twitter:card\" content=\"summary_large_image\" \/>\n<meta name=\"twitter:label1\" content=\"Est. reading time\" \/>\n\t<meta name=\"twitter:data1\" content=\"1 minute\" \/>\n<script type=\"application\/ld+json\" class=\"yoast-schema-graph\">{\"@context\":\"https:\\\/\\\/schema.org\",\"@graph\":[{\"@type\":\"WebPage\",\"@id\":\"https:\\\/\\\/quijote.drawingthecode.com\\\/quienes-somos\\\/\",\"url\":\"https:\\\/\\\/quijote.drawingthecode.com\\\/quienes-somos\\\/\",\"name\":\"Quienes Somos - Quijote Films\",\"isPartOf\":{\"@id\":\"https:\\\/\\\/quijote.drawingthecode.com\\\/#website\"},\"datePublished\":\"2025-10-24T02:19:27+00:00\",\"dateModified\":\"2026-02-11T03:35:42+00:00\",\"breadcrumb\":{\"@id\":\"https:\\\/\\\/quijote.drawingthecode.com\\\/quienes-somos\\\/#breadcrumb\"},\"inLanguage\":\"en-US\",\"potentialAction\":[{\"@type\":\"ReadAction\",\"target\":[\"https:\\\/\\\/quijote.drawingthecode.com\\\/quienes-somos\\\/\"]}]},{\"@type\":\"BreadcrumbList\",\"@id\":\"https:\\\/\\\/quijote.drawingthecode.com\\\/quienes-somos\\\/#breadcrumb\",\"itemListElement\":[{\"@type\":\"ListItem\",\"position\":1,\"name\":\"Home\",\"item\":\"https:\\\/\\\/quijote.drawingthecode.com\\\/\"},{\"@type\":\"ListItem\",\"position\":2,\"name\":\"Quienes Somos\"}]},{\"@type\":\"WebSite\",\"@id\":\"https:\\\/\\\/quijote.drawingthecode.com\\\/#website\",\"url\":\"https:\\\/\\\/quijote.drawingthecode.com\\\/\",\"name\":\"Quijote Films\",\"description\":\"Quijote Films nace en el 2009 como una productora de Cine y Publicidad. En sus m\u00e1s de 15 a\u00f1os de historia ha sido ganadora de premios en importantes Festivales como Cannes y Venecia, gracias a m\u00faltiples coproducciones internacionales, adem\u00e1s de encargarse de producciones publicitarias para las principales marcas del pa\u00eds.\",\"potentialAction\":[{\"@type\":\"SearchAction\",\"target\":{\"@type\":\"EntryPoint\",\"urlTemplate\":\"https:\\\/\\\/quijote.drawingthecode.com\\\/?s={search_term_string}\"},\"query-input\":{\"@type\":\"PropertyValueSpecification\",\"valueRequired\":true,\"valueName\":\"search_term_string\"}}],\"inLanguage\":\"en-US\"}]}<\/script>\n<!-- \/ Yoast SEO plugin. -->","yoast_head_json":{"title":"Quienes Somos - Quijote Films","robots":{"index":"index","follow":"follow","max-snippet":"max-snippet:-1","max-image-preview":"max-image-preview:large","max-video-preview":"max-video-preview:-1"},"canonical":"https:\/\/quijote.drawingthecode.com\/quienes-somos\/","og_locale":"en_US","og_type":"article","og_title":"Quienes Somos - Quijote Films","og_description":"\u2192 Somos una productora chilena dedicada a la creaci\u00f3n y coproducci\u00f3n de pel\u00edculas con proyecci\u00f3n internacional. Con una trayectoria destacada, hemos participado en importantes festivales y mercados globales, impulsando el cine chileno y colaborando con talento de todo el mundo. Let\u2019s talk!","og_url":"https:\/\/quijote.drawingthecode.com\/quienes-somos\/","og_site_name":"Quijote Films","article_modified_time":"2026-02-11T03:35:42+00:00","twitter_card":"summary_large_image","twitter_misc":{"Est. reading time":"1 minute"},"schema":{"@context":"https:\/\/schema.org","@graph":[{"@type":"WebPage","@id":"https:\/\/quijote.drawingthecode.com\/quienes-somos\/","url":"https:\/\/quijote.drawingthecode.com\/quienes-somos\/","name":"Quienes Somos - Quijote Films","isPartOf":{"@id":"https:\/\/quijote.drawingthecode.com\/#website"},"datePublished":"2025-10-24T02:19:27+00:00","dateModified":"2026-02-11T03:35:42+00:00","breadcrumb":{"@id":"https:\/\/quijote.drawingthecode.com\/quienes-somos\/#breadcrumb"},"inLanguage":"en-US","potentialAction":[{"@type":"ReadAction","target":["https:\/\/quijote.drawingthecode.com\/quienes-somos\/"]}]},{"@type":"BreadcrumbList","@id":"https:\/\/quijote.drawingthecode.com\/quienes-somos\/#breadcrumb","itemListElement":[{"@type":"ListItem","position":1,"name":"Home","item":"https:\/\/quijote.drawingthecode.com\/"},{"@type":"ListItem","position":2,"name":"Quienes Somos"}]},{"@type":"WebSite","@id":"https:\/\/quijote.drawingthecode.com\/#website","url":"https:\/\/quijote.drawingthecode.com\/","name":"Quijote Films","description":"Quijote Films nace en el 2009 como una productora de Cine y Publicidad. En sus m\u00e1s de 15 a\u00f1os de historia ha sido ganadora de premios en importantes Festivales como Cannes y Venecia, gracias a m\u00faltiples coproducciones internacionales, adem\u00e1s de encargarse de producciones publicitarias para las principales marcas del pa\u00eds.","potentialAction":[{"@type":"SearchAction","target":{"@type":"EntryPoint","urlTemplate":"https:\/\/quijote.drawingthecode.com\/?s={search_term_string}"},"query-input":{"@type":"PropertyValueSpecification","valueRequired":true,"valueName":"search_term_string"}}],"inLanguage":"en-US"}]}},"_links":{"self":[{"href":"https:\/\/quijotefilms.com\/eng\/wp-json\/wp\/v2\/pages\/1607","targetHints":{"allow":["GET"]}}],"collection":[{"href":"https:\/\/quijotefilms.com\/eng\/wp-json\/wp\/v2\/pages"}],"about":[{"href":"https:\/\/quijotefilms.com\/eng\/wp-json\/wp\/v2\/types\/page"}],"author":[{"embeddable":true,"href":"https:\/\/quijotefilms.com\/eng\/wp-json\/wp\/v2\/users\/1"}],"replies":[{"embeddable":true,"href":"https:\/\/quijotefilms.com\/eng\/wp-json\/wp\/v2\/comments?post=1607"}],"version-history":[{"count":11,"href":"https:\/\/quijotefilms.com\/eng\/wp-json\/wp\/v2\/pages\/1607\/revisions"}],"predecessor-version":[{"id":1699,"href":"https:\/\/quijotefilms.com\/eng\/wp-json\/wp\/v2\/pages\/1607\/revisions\/1699"}],"wp:attachment":[{"href":"https:\/\/quijotefilms.com\/eng\/wp-json\/wp\/v2\/media?parent=1607"}],"curies":[{"name":"wp","href":"https:\/\/api.w.org\/{rel}","templated":true}]}}