{"id":1615,"date":"2025-10-24T02:49:14","date_gmt":"2025-10-24T02:49:14","guid":{"rendered":"http:\/\/localhost:8080\/?page_id=1615"},"modified":"2025-10-27T03:33:43","modified_gmt":"2025-10-27T03:33:43","slug":"","status":"publish","type":"page","link":"https:\/\/quijotefilms.com\/eng\/contacto\/","title":{"rendered":"Contact","raw":"Contact"},"content":{"rendered":"\n<div class=\"wpcf7 no-js\" id=\"wpcf7-f1643-o2\" lang=\"es-CL\" dir=\"ltr\" data-wpcf7-id=\"1643\">\n<div class=\"screen-reader-response\"><p role=\"status\" aria-live=\"polite\" aria-atomic=\"true\"><\/p> <ul><\/ul><\/div>\n<form action=\"\/eng\/wp-json\/wp\/v2\/pages\/1615#wpcf7-f1643-o2\" method=\"post\" class=\"wpcf7-form init\" aria-label=\"Formulario de contacto\" novalidate=\"novalidate\" data-status=\"init\">\n<fieldset class=\"hidden-fields-container\"><input type=\"hidden\" name=\"_wpcf7\" value=\"1643\" \/><input type=\"hidden\" name=\"_wpcf7_version\" value=\"6.1.5\" \/><input type=\"hidden\" name=\"_wpcf7_locale\" value=\"es_CL\" \/><input type=\"hidden\" name=\"_wpcf7_unit_tag\" value=\"wpcf7-f1643-o2\" \/><input type=\"hidden\" name=\"_wpcf7_container_post\" value=\"0\" \/><input type=\"hidden\" name=\"_wpcf7_posted_data_hash\" value=\"\" \/>\n<\/fieldset>\n<p><label class=\"form-group\"><br \/>\n<span class=\"wpcf7-form-control-wrap\" data-name=\"your-name\"><input size=\"40\" maxlength=\"400\" class=\"wpcf7-form-control wpcf7-text wpcf7-validates-as-required\" autocomplete=\"name\" aria-required=\"true\" aria-invalid=\"false\" value=\"\" type=\"text\" name=\"your-name\" \/><\/span><br \/>\nName<br \/>\n<\/label>\n<\/p>\n<p><label class=\"form-group\"><br \/>\n<span class=\"wpcf7-form-control-wrap\" data-name=\"your-email\"><input size=\"40\" maxlength=\"400\" class=\"wpcf7-form-control wpcf7-email wpcf7-validates-as-required wpcf7-text wpcf7-validates-as-email\" autocomplete=\"email\" aria-required=\"true\" aria-invalid=\"false\" value=\"\" type=\"email\" name=\"your-email\" \/><\/span><br \/>\nEmail<br \/>\n<\/label>\n<\/p>\n<div class=\"custom-checkbox lex-justify-left\">\n\t<p><span class=\"wpcf7-form-control-wrap\" data-name=\"checkbox-cine\"><span class=\"wpcf7-form-control wpcf7-checkbox\"><span class=\"wpcf7-list-item first last\"><label><input type=\"checkbox\" name=\"checkbox-cine[]\" value=\"Film\" \/><span class=\"wpcf7-list-item-label\">Film<\/span><\/label><\/span><\/span><\/span><br \/>\n<span class=\"wpcf7-form-control-wrap\" data-name=\"checkbox-publicidad\"><span class=\"wpcf7-form-control wpcf7-checkbox\"><span class=\"wpcf7-list-item first last\"><label><input type=\"checkbox\" name=\"checkbox-publicidad[]\" value=\"Advertising\" \/><span class=\"wpcf7-list-item-label\">Advertising<\/span><\/label><\/span><\/span><\/span>\n\t<\/p>\n<\/div>\n<p><label class=\"form-group\"><br \/>\n<span class=\"wpcf7-form-control-wrap\" data-name=\"your-subject\"><input size=\"40\" maxlength=\"400\" class=\"wpcf7-form-control wpcf7-text wpcf7-validates-as-required\" aria-required=\"true\" aria-invalid=\"false\" value=\"\" type=\"text\" name=\"your-subject\" \/><\/span><br \/>\nSubject<br \/>\n<\/label>\n<\/p>\n<p><label class=\"form-group\"><br \/>\n<span class=\"wpcf7-form-control-wrap\" data-name=\"your-message\"><textarea cols=\"40\" rows=\"10\" maxlength=\"2000\" class=\"wpcf7-form-control wpcf7-textarea wpcf7-validates-as-required\" aria-required=\"true\" aria-invalid=\"false\" name=\"your-message\"><\/textarea><\/span><br \/>\nMessage<br \/>\n<\/label>\n<\/p>\n<div class=\"form-footer\">\n\t<p><input class=\"wpcf7-form-control wpcf7-submit has-spinner\" type=\"submit\" value=\"Send\" \/>\n\t<\/p>\n\t<p class=\"correo-contacto\">contact@quijotefilms.cl\n\t<\/p>\n<\/div><p style=\"display: none !important;\" class=\"akismet-fields-container\" data-prefix=\"_wpcf7_ak_\"><label>&#916;<textarea name=\"_wpcf7_ak_hp_textarea\" cols=\"45\" rows=\"8\" maxlength=\"100\"><\/textarea><\/label><input type=\"hidden\" id=\"ak_js_2\" name=\"_wpcf7_ak_js\" value=\"157\"\/><script>document.getElementById( \"ak_js_2\" ).setAttribute( \"value\", ( new Date() ).getTime() );<\/script><\/p><div class=\"wpcf7-response-output\" aria-hidden=\"true\"><\/div>\n<\/form>\n<\/div>\n\n","protected":false,"raw":"<!-- wp:shortcode -->\n[contact-form-7 id=\"0e2b697\" title=\"Formulario de contacto en Ingles\"]\n<!-- \/wp:shortcode -->"},"excerpt":{"rendered":"","protected":false,"raw":""},"author":1,"featured_media":0,"parent":0,"menu_order":0,"comment_status":"closed","ping_status":"closed","template":"","meta":{"_acf_changed":false,"_esp_post_content":"<!-- wp:shortcode -->\n[contact-form-7 id=\"bbd2d29\" title=\"Formulario de contacto\"]\n<!-- \/wp:shortcode -->\n\n<!-- wp:paragraph -->\n<p><\/p>\n<!-- \/wp:paragraph -->","_esp_post_name":"contacto","_esp_post_excerpt":"","_esp_post_title":"Contacto","_eng_post_content":"<!-- wp:shortcode -->\n[contact-form-7 id=\"0e2b697\" title=\"Formulario de contacto en Ingles\"]\n<!-- \/wp:shortcode -->","_eng_post_name":"","_eng_post_excerpt":"","_eng_post_title":"Contact","edit_language":"eng","footnotes":""},"class_list":["post-1615","page","type-page","status-publish","hentry"],"acf":[],"yoast_head":"<!-- This site is optimized with the Yoast SEO plugin v27.3 - https:\/\/yoast.com\/product\/yoast-seo-wordpress\/ -->\n<title>Contacto - Quijote Films<\/title>\n<meta name=\"robots\" content=\"index, follow, max-snippet:-1, max-image-preview:large, max-video-preview:-1\" \/>\n<link rel=\"canonical\" href=\"https:\/\/quijotefilms.com\/contacto\/\" \/>\n<meta property=\"og:locale\" content=\"en_US\" \/>\n<meta property=\"og:type\" content=\"article\" \/>\n<meta property=\"og:title\" content=\"Contacto - Quijote Films\" \/>\n<meta property=\"og:url\" content=\"https:\/\/quijotefilms.com\/contacto\/\" \/>\n<meta property=\"og:site_name\" content=\"Quijote Films\" \/>\n<meta property=\"article:modified_time\" content=\"2025-10-27T03:33:43+00:00\" \/>\n<meta name=\"twitter:card\" content=\"summary_large_image\" \/>\n<script type=\"application\/ld+json\" class=\"yoast-schema-graph\">{\"@context\":\"https:\\\/\\\/schema.org\",\"@graph\":[{\"@type\":\"WebPage\",\"@id\":\"https:\\\/\\\/quijotefilms.com\\\/contacto\\\/\",\"url\":\"https:\\\/\\\/quijotefilms.com\\\/contacto\\\/\",\"name\":\"Contacto - Quijote Films\",\"isPartOf\":{\"@id\":\"https:\\\/\\\/quijotefilms.com\\\/eng\\\/#website\"},\"datePublished\":\"2025-10-24T02:49:14+00:00\",\"dateModified\":\"2025-10-27T03:33:43+00:00\",\"breadcrumb\":{\"@id\":\"https:\\\/\\\/quijotefilms.com\\\/contacto\\\/#breadcrumb\"},\"inLanguage\":\"en-US\",\"potentialAction\":[{\"@type\":\"ReadAction\",\"target\":[\"https:\\\/\\\/quijotefilms.com\\\/contacto\\\/\"]}]},{\"@type\":\"BreadcrumbList\",\"@id\":\"https:\\\/\\\/quijotefilms.com\\\/contacto\\\/#breadcrumb\",\"itemListElement\":[{\"@type\":\"ListItem\",\"position\":1,\"name\":\"Home\",\"item\":\"https:\\\/\\\/quijotefilms.com\\\/eng\\\/\"},{\"@type\":\"ListItem\",\"position\":2,\"name\":\"Contacto\"}]},{\"@type\":\"WebSite\",\"@id\":\"https:\\\/\\\/quijotefilms.com\\\/eng\\\/#website\",\"url\":\"https:\\\/\\\/quijotefilms.com\\\/eng\\\/\",\"name\":\"Quijote Films\",\"description\":\"Quijote Films nace en el 2009 como una productora de Cine y Publicidad. En sus m\u00e1s de 15 a\u00f1os de historia ha sido ganadora de premios en importantes Festivales como Cannes y Venecia, gracias a m\u00faltiples coproducciones internacionales, adem\u00e1s de encargarse de producciones publicitarias para las principales marcas del pa\u00eds.\",\"potentialAction\":[{\"@type\":\"SearchAction\",\"target\":{\"@type\":\"EntryPoint\",\"urlTemplate\":\"https:\\\/\\\/quijotefilms.com\\\/eng\\\/?s={search_term_string}\"},\"query-input\":{\"@type\":\"PropertyValueSpecification\",\"valueRequired\":true,\"valueName\":\"search_term_string\"}}],\"inLanguage\":\"en-US\"}]}<\/script>\n<!-- \/ Yoast SEO plugin. -->","yoast_head_json":{"title":"Contacto - Quijote Films","robots":{"index":"index","follow":"follow","max-snippet":"max-snippet:-1","max-image-preview":"max-image-preview:large","max-video-preview":"max-video-preview:-1"},"canonical":"https:\/\/quijotefilms.com\/contacto\/","og_locale":"en_US","og_type":"article","og_title":"Contacto - Quijote Films","og_url":"https:\/\/quijotefilms.com\/contacto\/","og_site_name":"Quijote Films","article_modified_time":"2025-10-27T03:33:43+00:00","twitter_card":"summary_large_image","schema":{"@context":"https:\/\/schema.org","@graph":[{"@type":"WebPage","@id":"https:\/\/quijotefilms.com\/contacto\/","url":"https:\/\/quijotefilms.com\/contacto\/","name":"Contacto - Quijote Films","isPartOf":{"@id":"https:\/\/quijotefilms.com\/eng\/#website"},"datePublished":"2025-10-24T02:49:14+00:00","dateModified":"2025-10-27T03:33:43+00:00","breadcrumb":{"@id":"https:\/\/quijotefilms.com\/contacto\/#breadcrumb"},"inLanguage":"en-US","potentialAction":[{"@type":"ReadAction","target":["https:\/\/quijotefilms.com\/contacto\/"]}]},{"@type":"BreadcrumbList","@id":"https:\/\/quijotefilms.com\/contacto\/#breadcrumb","itemListElement":[{"@type":"ListItem","position":1,"name":"Home","item":"https:\/\/quijotefilms.com\/eng\/"},{"@type":"ListItem","position":2,"name":"Contacto"}]},{"@type":"WebSite","@id":"https:\/\/quijotefilms.com\/eng\/#website","url":"https:\/\/quijotefilms.com\/eng\/","name":"Quijote Films","description":"Quijote Films nace en el 2009 como una productora de Cine y Publicidad. En sus m\u00e1s de 15 a\u00f1os de historia ha sido ganadora de premios en importantes Festivales como Cannes y Venecia, gracias a m\u00faltiples coproducciones internacionales, adem\u00e1s de encargarse de producciones publicitarias para las principales marcas del pa\u00eds.","potentialAction":[{"@type":"SearchAction","target":{"@type":"EntryPoint","urlTemplate":"https:\/\/quijotefilms.com\/eng\/?s={search_term_string}"},"query-input":{"@type":"PropertyValueSpecification","valueRequired":true,"valueName":"search_term_string"}}],"inLanguage":"en-US"}]}},"_links":{"self":[{"href":"https:\/\/quijotefilms.com\/eng\/wp-json\/wp\/v2\/pages\/1615","targetHints":{"allow":["GET"]}}],"collection":[{"href":"https:\/\/quijotefilms.com\/eng\/wp-json\/wp\/v2\/pages"}],"about":[{"href":"https:\/\/quijotefilms.com\/eng\/wp-json\/wp\/v2\/types\/page"}],"author":[{"embeddable":true,"href":"https:\/\/quijotefilms.com\/eng\/wp-json\/wp\/v2\/users\/1"}],"replies":[{"embeddable":true,"href":"https:\/\/quijotefilms.com\/eng\/wp-json\/wp\/v2\/comments?post=1615"}],"version-history":[{"count":4,"href":"https:\/\/quijotefilms.com\/eng\/wp-json\/wp\/v2\/pages\/1615\/revisions"}],"predecessor-version":[{"id":1644,"href":"https:\/\/quijotefilms.com\/eng\/wp-json\/wp\/v2\/pages\/1615\/revisions\/1644"}],"wp:attachment":[{"href":"https:\/\/quijotefilms.com\/eng\/wp-json\/wp\/v2\/media?parent=1615"}],"curies":[{"name":"wp","href":"https:\/\/api.w.org\/{rel}","templated":true}]}}